{"id":95,"date":"2023-11-08T12:36:30","date_gmt":"2023-11-08T09:36:30","guid":{"rendered":"https:\/\/cihanmanitou.com.tr\/?page_id=95"},"modified":"2026-04-14T21:22:40","modified_gmt":"2026-04-14T18:22:40","slug":"hakkimizda","status":"publish","type":"page","link":"https:\/\/cihanmanitou.com.tr\/index.php\/hakkimizda\/","title":{"rendered":"Hakk\u0131m\u0131zda"},"content":{"rendered":"\t\t<div data-elementor-type=\"wp-page\" data-elementor-id=\"95\" class=\"elementor elementor-95\">\n\t\t\t\t\t\t<section class=\"elementor-section elementor-top-section elementor-element elementor-element-554ba6bc elementor-section-full_width elementor-section-stretched elementor-section-height-default elementor-section-height-default\" data-id=\"554ba6bc\" data-element_type=\"section\" data-e-type=\"section\" data-settings=\"{&quot;stretch_section&quot;:&quot;section-stretched&quot;}\">\n\t\t\t\t\t\t<div class=\"elementor-container elementor-column-gap-no\">\n\t\t\t\t\t<div class=\"elementor-column elementor-col-100 elementor-top-column elementor-element elementor-element-5fe5c8ae\" data-id=\"5fe5c8ae\" data-element_type=\"column\" data-e-type=\"column\">\n\t\t\t<div class=\"elementor-widget-wrap elementor-element-populated\">\n\t\t\t\t\t\t<div class=\"elementor-element elementor-element-2e8c9b40 elementor-widget elementor-widget-sina_banner_slider\" data-id=\"2e8c9b40\" data-element_type=\"widget\" data-e-type=\"widget\" data-widget_type=\"sina_banner_slider.default\">\n\t\t\t\t<div class=\"elementor-widget-container\">\n\t\t\t\t\t\t\t<div class=\"sina-banner-slider owl-carousel\"\r\n\t\tdata-autoplay=\"yes\"\r\n\t\tdata-pause=\"yes\"\r\n\t\tdata-nav=\"yes\"\r\n\t\tdata-dots=\"yes\"\r\n\t\tdata-mouse-drag=\"yes\"\r\n\t\tdata-touch-drag=\"yes\"\r\n\t\tdata-loop=\"yes\"\r\n\t\tdata-speed=\"\"\r\n\t\tdata-part-anim=\"yes\"\r\n\t\tdata-delay=\"5000\">\r\n\r\n\t\t\t\t\t\t\t<div class=\"sina-slider-content sina-bg-cover\" style=\"background-image: url(https:\/\/cihanmanitou.com.tr\/wp-content\/uploads\/2024\/03\/3d-rendered-black-geometric-product-podium-dark-room-background-1-1-scaled.jpg);\">\r\n\t\t\t\t\t\t\t\t\t\t\t<div class=\"sina-overlay\"><\/div>\r\n\t\t\t\t\t\r\n\t\t\t\t\t<div class=\"sina-banner-container elementor-repeater-item-dc4fb86\">\r\n\r\n\t\t\t\t\t\t\t\t\t\t\t\t\t\t\t\t\t\t\t\t<h1 class=\"sina-banner-title sina-anim-invisible\" data-animation=\"animated zoomIn\">Bu Alanda Hakk\u0131m\u0131zda Visyonumuz Ve Vizyonumuz <\/h1>\t\t\t\t\t\t\r\n\t\t\t\t\t\t\r\n\t\t\t\t\t\t\t\t\t\t\t\t\t<div class=\"sina-banner-desc sina-anim-invisible\" data-animation=\"animated fadeInUp\">Hakk\u0131nda Detayl\u0131 Bilgi Alabilirsiniz Merakk etiklerinizi sorma i\u00e7in T\u0131klay\u0131n\u0131z<\/div>\t\t\t\t\t\t\r\n\t\t\t\t\t\t\t\t\t\t\t\t\t<div class=\"sina-banner-btns sina-anim-invisible\" data-animation=\"animated fadeInUp\">\r\n\t\t\t\t\t\t\t\t\t\t\t\t\t\t\t\t\t<a class=\"sina-banner-pbtn   \"\r\n\t\t\t\t\t\t\t\t\t\t\t\t\t\t\t\t\t\thref=\"#kullanim\"\r\n\t\t\t\t\t\t\t\t\t\t\t\t\t\t\t\t\t\t>\r\n\t\t\t\t\t\t\t\t\t\t\t\tDaha Fazla Bilgi\t\t\t\t\t\t\t\t\t\t\t<\/a>\r\n\t\t\t\t\t\t\t\t\r\n\t\t\t\t\t\t\t\t\t\t\t\t\t\t\t<\/div>\r\n\t\t\t\t\t\t\t\t\t\t\t<\/div>\r\n\t\t\t\t<\/div>\r\n\t\t\t\t\t<\/div><!-- .sina-banner-slider -->\r\n\t\t\t\t\t\t<\/div>\n\t\t\t\t<\/div>\n\t\t\t\t\t<\/div>\n\t\t<\/div>\n\t\t\t\t\t<\/div>\n\t\t<\/section>\n\t\t<div class=\"elementor-element elementor-element-429ea687 e-con-full e-flex e-con e-parent\" data-id=\"429ea687\" data-element_type=\"container\" data-e-type=\"container\" id=\"hakkimiz\">\n\t\t<div class=\"elementor-element elementor-element-2c14a520 e-con-full e-flex e-con e-child\" data-id=\"2c14a520\" data-element_type=\"container\" data-e-type=\"container\">\n\t\t\t\t<div class=\"elementor-element elementor-element-79413d9d elementor-widget elementor-widget-heading\" data-id=\"79413d9d\" data-element_type=\"widget\" data-e-type=\"widget\" data-widget_type=\"heading.default\">\n\t\t\t\t<div class=\"elementor-widget-container\">\n\t\t\t\t\t<h4 class=\"elementor-heading-title elementor-size-default\">Hakk\u0131m\u0131zda<\/h4>\t\t\t\t<\/div>\n\t\t\t\t<\/div>\n\t\t\t\t<div class=\"elementor-element elementor-element-72818bbe elementor-widget elementor-widget-text-editor\" data-id=\"72818bbe\" data-element_type=\"widget\" data-e-type=\"widget\" data-widget_type=\"text-editor.default\">\n\t\t\t\t<div class=\"elementor-widget-container\">\n\t\t\t\t\t\t\t\t\t<p data-start=\"186\" data-end=\"504\">Da\u011f Reklam olarak; tabela, totem, cephe giydirme ve fuar stand\u0131 reklam uygulamalar\u0131 alan\u0131nda profesyonel \u00e7\u00f6z\u00fcmler sunuyoruz. Yarat\u0131c\u0131 tasar\u0131m anlay\u0131\u015f\u0131m\u0131z ve g\u00fc\u00e7l\u00fc \u00fcretim altyap\u0131m\u0131z ile markalar\u0131n ihtiya\u00e7lar\u0131na \u00f6zel projeler geli\u015ftiriyor, T\u00fcrkiye\u2019nin d\u00f6rt bir yan\u0131nda kaliteli ve g\u00fcvenilir hizmet sa\u011fl\u0131yoruz.<\/p>\t\t\t\t\t\t\t\t<\/div>\n\t\t\t\t<\/div>\n\t\t\t\t<\/div>\n\t\t<div class=\"elementor-element elementor-element-61f7d76c e-con-full e-flex e-con e-child\" data-id=\"61f7d76c\" data-element_type=\"container\" data-e-type=\"container\">\n\t\t\t\t<div class=\"elementor-element elementor-element-50080b18 elementor-widget elementor-widget-image\" data-id=\"50080b18\" data-element_type=\"widget\" data-e-type=\"widget\" data-widget_type=\"image.default\">\n\t\t\t\t<div class=\"elementor-widget-container\">\n\t\t\t\t\t\t\t\t\t\t\t\t\t\t\t<img fetchpriority=\"high\" decoding=\"async\" width=\"1024\" height=\"1024\" src=\"https:\/\/cihanmanitou.com.tr\/wp-content\/uploads\/2026\/04\/11-1024x1024.jpg\" class=\"attachment-large size-large wp-image-8486\" alt=\"\" srcset=\"https:\/\/cihanmanitou.com.tr\/wp-content\/uploads\/2026\/04\/11-1024x1024.jpg 1024w, https:\/\/cihanmanitou.com.tr\/wp-content\/uploads\/2026\/04\/11-300x300.jpg 300w, https:\/\/cihanmanitou.com.tr\/wp-content\/uploads\/2026\/04\/11-150x150.jpg 150w, https:\/\/cihanmanitou.com.tr\/wp-content\/uploads\/2026\/04\/11-768x768.jpg 768w, https:\/\/cihanmanitou.com.tr\/wp-content\/uploads\/2026\/04\/11-1536x1536.jpg 1536w, https:\/\/cihanmanitou.com.tr\/wp-content\/uploads\/2026\/04\/11-2048x2048.jpg 2048w, https:\/\/cihanmanitou.com.tr\/wp-content\/uploads\/2026\/04\/11-600x600.jpg 600w, https:\/\/cihanmanitou.com.tr\/wp-content\/uploads\/2026\/04\/11-100x100.jpg 100w\" sizes=\"(max-width: 1024px) 100vw, 1024px\" \/>\t\t\t\t\t\t\t\t\t\t\t\t\t\t\t<\/div>\n\t\t\t\t<\/div>\n\t\t\t\t<\/div>\n\t\t\t\t<\/div>\n\t\t<div class=\"elementor-element elementor-element-372fbc29 e-con-full e-flex e-con e-parent\" data-id=\"372fbc29\" data-element_type=\"container\" data-e-type=\"container\">\n\t\t<div class=\"elementor-element elementor-element-742c84ca e-con-full e-flex e-con e-child\" data-id=\"742c84ca\" data-element_type=\"container\" data-e-type=\"container\">\n\t\t\t\t<div class=\"elementor-element elementor-element-75ac0433 elementor-widget elementor-widget-heading\" data-id=\"75ac0433\" data-element_type=\"widget\" data-e-type=\"widget\" data-widget_type=\"heading.default\">\n\t\t\t\t<div class=\"elementor-widget-container\">\n\t\t\t\t\t<h4 class=\"elementor-heading-title elementor-size-default\">V\u0130ZYONUMUZ\u200b<\/h4>\t\t\t\t<\/div>\n\t\t\t\t<\/div>\n\t\t\t\t<div class=\"elementor-element elementor-element-60b05833 elementor-widget elementor-widget-text-editor\" data-id=\"60b05833\" data-element_type=\"widget\" data-e-type=\"widget\" data-widget_type=\"text-editor.default\">\n\t\t\t\t<div class=\"elementor-widget-container\">\n\t\t\t\t\t\t\t\t\t<p data-start=\"194\" data-end=\"494\">Reklam ve tabela sekt\u00f6r\u00fcnde yenilik\u00e7i, kaliteli ve g\u00fcvenilir hizmet anlay\u0131\u015f\u0131yla T\u00fcrkiye genelinde \u00f6nc\u00fc ve tercih edilen bir marka olmak.<\/p>\t\t\t\t\t\t\t\t<\/div>\n\t\t\t\t<\/div>\n\t\t\t\t<\/div>\n\t\t<div class=\"elementor-element elementor-element-763ea414 e-con-full e-flex e-con e-child\" data-id=\"763ea414\" data-element_type=\"container\" data-e-type=\"container\">\n\t\t\t\t<div class=\"elementor-element elementor-element-366d48f3 elementor-widget elementor-widget-image\" data-id=\"366d48f3\" data-element_type=\"widget\" data-e-type=\"widget\" data-widget_type=\"image.default\">\n\t\t\t\t<div class=\"elementor-widget-container\">\n\t\t\t\t\t\t\t\t\t\t\t\t\t\t\t<img decoding=\"async\" width=\"1024\" height=\"1024\" src=\"https:\/\/cihanmanitou.com.tr\/wp-content\/uploads\/2026\/04\/13-1024x1024.jpg\" class=\"attachment-large size-large wp-image-8488\" alt=\"\" srcset=\"https:\/\/cihanmanitou.com.tr\/wp-content\/uploads\/2026\/04\/13-1024x1024.jpg 1024w, https:\/\/cihanmanitou.com.tr\/wp-content\/uploads\/2026\/04\/13-300x300.jpg 300w, https:\/\/cihanmanitou.com.tr\/wp-content\/uploads\/2026\/04\/13-150x150.jpg 150w, https:\/\/cihanmanitou.com.tr\/wp-content\/uploads\/2026\/04\/13-768x768.jpg 768w, https:\/\/cihanmanitou.com.tr\/wp-content\/uploads\/2026\/04\/13-1536x1536.jpg 1536w, https:\/\/cihanmanitou.com.tr\/wp-content\/uploads\/2026\/04\/13-2048x2048.jpg 2048w, https:\/\/cihanmanitou.com.tr\/wp-content\/uploads\/2026\/04\/13-600x600.jpg 600w, https:\/\/cihanmanitou.com.tr\/wp-content\/uploads\/2026\/04\/13-100x100.jpg 100w\" sizes=\"(max-width: 1024px) 100vw, 1024px\" \/>\t\t\t\t\t\t\t\t\t\t\t\t\t\t\t<\/div>\n\t\t\t\t<\/div>\n\t\t\t\t<\/div>\n\t\t\t\t<\/div>\n\t\t<div class=\"elementor-element elementor-element-8f0219d e-con-full e-flex e-con e-parent\" data-id=\"8f0219d\" data-element_type=\"container\" data-e-type=\"container\">\n\t\t<div class=\"elementor-element elementor-element-fff9998 e-con-full e-flex e-con e-child\" data-id=\"fff9998\" data-element_type=\"container\" data-e-type=\"container\">\n\t\t\t\t<div class=\"elementor-element elementor-element-3d2f1a6 elementor-widget elementor-widget-heading\" data-id=\"3d2f1a6\" data-element_type=\"widget\" data-e-type=\"widget\" data-widget_type=\"heading.default\">\n\t\t\t\t<div class=\"elementor-widget-container\">\n\t\t\t\t\t<h4 class=\"elementor-heading-title elementor-size-default\">Misyonumuz<\/h4>\t\t\t\t<\/div>\n\t\t\t\t<\/div>\n\t\t\t\t<div class=\"elementor-element elementor-element-679af5d elementor-widget elementor-widget-text-editor\" data-id=\"679af5d\" data-element_type=\"widget\" data-e-type=\"widget\" data-widget_type=\"text-editor.default\">\n\t\t\t\t<div class=\"elementor-widget-container\">\n\t\t\t\t\t\t\t\t\t<p data-start=\"186\" data-end=\"504\">M\u00fc\u015fterilerimizin ihtiya\u00e7lar\u0131n\u0131 en do\u011fru \u015fekilde analiz ederek estetik, dayan\u0131kl\u0131 ve etkili reklam \u00e7\u00f6z\u00fcmleri \u00fcretmek; projeleri zaman\u0131nda ve eksiksiz teslim ederek maksimum memnuniyet sa\u011flamak.<\/p>\t\t\t\t\t\t\t\t<\/div>\n\t\t\t\t<\/div>\n\t\t\t\t<\/div>\n\t\t<div class=\"elementor-element elementor-element-b8a3ad1 e-con-full e-flex e-con e-child\" data-id=\"b8a3ad1\" data-element_type=\"container\" data-e-type=\"container\">\n\t\t\t\t<div class=\"elementor-element elementor-element-a6496a3 elementor-widget elementor-widget-image\" data-id=\"a6496a3\" data-element_type=\"widget\" data-e-type=\"widget\" data-widget_type=\"image.default\">\n\t\t\t\t<div class=\"elementor-widget-container\">\n\t\t\t\t\t\t\t\t\t\t\t\t\t\t\t<img decoding=\"async\" width=\"1024\" height=\"1024\" src=\"https:\/\/cihanmanitou.com.tr\/wp-content\/uploads\/2026\/04\/48-1024x1024.jpg\" class=\"attachment-large size-large wp-image-8613\" alt=\"\" srcset=\"https:\/\/cihanmanitou.com.tr\/wp-content\/uploads\/2026\/04\/48-1024x1024.jpg 1024w, https:\/\/cihanmanitou.com.tr\/wp-content\/uploads\/2026\/04\/48-300x300.jpg 300w, https:\/\/cihanmanitou.com.tr\/wp-content\/uploads\/2026\/04\/48-150x150.jpg 150w, https:\/\/cihanmanitou.com.tr\/wp-content\/uploads\/2026\/04\/48-768x768.jpg 768w, https:\/\/cihanmanitou.com.tr\/wp-content\/uploads\/2026\/04\/48-1536x1536.jpg 1536w, https:\/\/cihanmanitou.com.tr\/wp-content\/uploads\/2026\/04\/48-2048x2048.jpg 2048w, https:\/\/cihanmanitou.com.tr\/wp-content\/uploads\/2026\/04\/48-600x600.jpg 600w, https:\/\/cihanmanitou.com.tr\/wp-content\/uploads\/2026\/04\/48-100x100.jpg 100w\" sizes=\"(max-width: 1024px) 100vw, 1024px\" \/>\t\t\t\t\t\t\t\t\t\t\t\t\t\t\t<\/div>\n\t\t\t\t<\/div>\n\t\t\t\t<\/div>\n\t\t\t\t<\/div>\n\t\t<div class=\"elementor-element elementor-element-ffff270 e-con-full e-flex e-con e-parent\" data-id=\"ffff270\" data-element_type=\"container\" data-e-type=\"container\">\n\t\t<div class=\"elementor-element elementor-element-dd39d1d e-con-full e-flex e-con e-child\" data-id=\"dd39d1d\" data-element_type=\"container\" data-e-type=\"container\">\n\t\t\t\t<div class=\"elementor-element elementor-element-f6f1ac5 elementor-widget elementor-widget-heading\" data-id=\"f6f1ac5\" data-element_type=\"widget\" data-e-type=\"widget\" data-widget_type=\"heading.default\">\n\t\t\t\t<div class=\"elementor-widget-container\">\n\t\t\t\t\t<h4 class=\"elementor-heading-title elementor-size-default\">Neden Da\u011f Reklam ?<\/h4>\t\t\t\t<\/div>\n\t\t\t\t<\/div>\n\t\t\t\t<div class=\"elementor-element elementor-element-88c0635 elementor-widget elementor-widget-text-editor\" data-id=\"88c0635\" data-element_type=\"widget\" data-e-type=\"widget\" data-widget_type=\"text-editor.default\">\n\t\t\t\t<div class=\"elementor-widget-container\">\n\t\t\t\t\t\t\t\t\t<section class=\"text-token-text-primary w-full focus:outline-none [--shadow-height:45px] has-data-writing-block:pointer-events-none has-data-writing-block:-mt-(--shadow-height) has-data-writing-block:pt-(--shadow-height) [&amp;:has([data-writing-block])&gt;*]:pointer-events-auto [content-visibility:auto] supports-[content-visibility:auto]:[contain-intrinsic-size:auto_100lvh] R6Vx5W_threadScrollVars scroll-mb-[calc(var(--scroll-root-safe-area-inset-bottom,0px)+var(--thread-response-height))] scroll-mt-[calc(var(--header-height)+min(200px,max(70px,20svh)))]\" dir=\"auto\" data-turn-id=\"request-WEB:c2a0d811-3581-4f1d-8552-04d9e9493d38-10\" data-testid=\"conversation-turn-22\" data-scroll-anchor=\"false\" data-turn=\"assistant\"><div class=\"text-base my-auto mx-auto pb-10 [--thread-content-margin:var(--thread-content-margin-xs,calc(var(--spacing)*4))] @w-sm\/main:[--thread-content-margin:var(--thread-content-margin-sm,calc(var(--spacing)*6))] @w-lg\/main:[--thread-content-margin:var(--thread-content-margin-lg,calc(var(--spacing)*16))] px-(--thread-content-margin)\"><div class=\"[--thread-content-max-width:40rem] @w-lg\/main:[--thread-content-max-width:48rem] mx-auto max-w-(--thread-content-max-width) flex-1 group\/turn-messages focus-visible:outline-hidden relative flex w-full min-w-0 flex-col agent-turn\"><div class=\"flex max-w-full flex-col gap-4 grow\"><div class=\"min-h-8 text-message relative flex w-full flex-col items-end gap-2 text-start break-words whitespace-normal outline-none keyboard-focused:focus-ring [.text-message+&amp;]:mt-1\" dir=\"auto\" tabindex=\"0\" data-message-author-role=\"assistant\" data-message-id=\"bbb53e3b-c0c0-4b87-94ec-bc4ee2cc5913\" data-message-model-slug=\"gpt-5-3\" data-turn-start-message=\"true\"><div class=\"flex w-full flex-col gap-1 empty:hidden\"><div class=\"markdown prose dark:prose-invert w-full wrap-break-word dark markdown-new-styling\"><p>Her projeye \u00f6zel tasar\u0131m ve \u00e7\u00f6z\u00fcm odakl\u0131 yakla\u015f\u0131m<br data-start=\"790\" data-end=\"793\" \/><br data-start=\"794\" data-end=\"797\" \/>Y\u00fcksek kaliteli malzeme ve uzun \u00f6m\u00fcrl\u00fc \u00fcretim<br data-start=\"842\" data-end=\"845\" \/><br data-start=\"846\" data-end=\"849\" \/>Tasar\u0131m, \u00fcretim ve montaj dahil anahtar teslim hizmet<br data-start=\"902\" data-end=\"905\" \/><br data-start=\"906\" data-end=\"909\" \/>Zaman\u0131nda teslim ve profesyonel i\u015f\u00e7ilik garantisi<br data-start=\"958\" data-end=\"961\" \/><br data-start=\"962\" data-end=\"965\" \/>T\u00fcrkiye genelinde hizmet a\u011f\u0131 ve m\u00fc\u015fteri memnuniyeti odakl\u0131 \u00e7al\u0131\u015fma anlay\u0131\u015f\u0131<\/p><\/div><\/div><\/div><\/div><div class=\"z-0 flex min-h-[46px] justify-start\">\u00a0<\/div><div class=\"mt-3 w-full empty:hidden\"><div class=\"text-center\">\u00a0<\/div><\/div><\/div><\/div><\/section><div class=\"pointer-events-none -mt-px h-px translate-y-[calc(var(--scroll-root-safe-area-inset-bottom)-14*var(--spacing))]\" aria-hidden=\"true\">\u00a0<\/div>\t\t\t\t\t\t\t\t<\/div>\n\t\t\t\t<\/div>\n\t\t\t\t<\/div>\n\t\t<div class=\"elementor-element elementor-element-b04495b e-con-full e-flex e-con e-child\" data-id=\"b04495b\" data-element_type=\"container\" data-e-type=\"container\">\n\t\t\t\t<div class=\"elementor-element elementor-element-72f3836 elementor-widget elementor-widget-image\" data-id=\"72f3836\" data-element_type=\"widget\" data-e-type=\"widget\" data-widget_type=\"image.default\">\n\t\t\t\t<div class=\"elementor-widget-container\">\n\t\t\t\t\t\t\t\t\t\t\t\t\t\t\t<img loading=\"lazy\" decoding=\"async\" width=\"1024\" height=\"1024\" src=\"https:\/\/cihanmanitou.com.tr\/wp-content\/uploads\/2026\/04\/12-1024x1024.jpg\" class=\"attachment-large size-large wp-image-8487\" alt=\"\" srcset=\"https:\/\/cihanmanitou.com.tr\/wp-content\/uploads\/2026\/04\/12-1024x1024.jpg 1024w, https:\/\/cihanmanitou.com.tr\/wp-content\/uploads\/2026\/04\/12-300x300.jpg 300w, https:\/\/cihanmanitou.com.tr\/wp-content\/uploads\/2026\/04\/12-150x150.jpg 150w, https:\/\/cihanmanitou.com.tr\/wp-content\/uploads\/2026\/04\/12-768x768.jpg 768w, https:\/\/cihanmanitou.com.tr\/wp-content\/uploads\/2026\/04\/12-1536x1536.jpg 1536w, https:\/\/cihanmanitou.com.tr\/wp-content\/uploads\/2026\/04\/12-2048x2048.jpg 2048w, https:\/\/cihanmanitou.com.tr\/wp-content\/uploads\/2026\/04\/12-600x600.jpg 600w, https:\/\/cihanmanitou.com.tr\/wp-content\/uploads\/2026\/04\/12-100x100.jpg 100w\" sizes=\"(max-width: 1024px) 100vw, 1024px\" \/>\t\t\t\t\t\t\t\t\t\t\t\t\t\t\t<\/div>\n\t\t\t\t<\/div>\n\t\t\t\t<\/div>\n\t\t\t\t<\/div>\n\t\t\t\t<\/div>\n\t\t","protected":false},"excerpt":{"rendered":"<p>Bu Alanda Hakk\u0131m\u0131zda Visyonumuz Ve Vizyonumuz Hakk\u0131nda Detayl\u0131 Bilgi Alabilirsiniz Merakk etiklerinizi sorma i\u00e7in T\u0131klay\u0131n\u0131z Daha Fazla Bilgi Hakk\u0131m\u0131zda Da\u011f Reklam olarak; tabela, totem, cephe giydirme ve fuar stand\u0131 reklam uygulamalar\u0131 alan\u0131nda profesyonel \u00e7\u00f6z\u00fcmler sunuyoruz. Yarat\u0131c\u0131 tasar\u0131m anlay\u0131\u015f\u0131m\u0131z ve g\u00fc\u00e7l\u00fc \u00fcretim altyap\u0131m\u0131z ile markalar\u0131n ihtiya\u00e7lar\u0131na \u00f6zel projeler geli\u015ftiriyor, T\u00fcrkiye\u2019nin d\u00f6rt bir yan\u0131nda kaliteli ve g\u00fcvenilir&#8230;<\/p>\n","protected":false},"author":1,"featured_media":0,"parent":0,"menu_order":0,"comment_status":"closed","ping_status":"open","template":"","meta":{"_kadence_starter_templates_imported_post":false,"_kad_post_transparent":"","_kad_post_title":"hide","_kad_post_layout":"fullwidth","_kad_post_sidebar_id":"","_kad_post_content_style":"unboxed","_kad_post_vertical_padding":"hide","_kad_post_feature":"hide","_kad_post_feature_position":"","_kad_post_header":false,"_kad_post_footer":false,"_kad_post_classname":"","footnotes":""},"class_list":["post-95","page","type-page","status-publish","hentry"],"_links":{"self":[{"href":"https:\/\/cihanmanitou.com.tr\/index.php\/wp-json\/wp\/v2\/pages\/95","targetHints":{"allow":["GET"]}}],"collection":[{"href":"https:\/\/cihanmanitou.com.tr\/index.php\/wp-json\/wp\/v2\/pages"}],"about":[{"href":"https:\/\/cihanmanitou.com.tr\/index.php\/wp-json\/wp\/v2\/types\/page"}],"author":[{"embeddable":true,"href":"https:\/\/cihanmanitou.com.tr\/index.php\/wp-json\/wp\/v2\/users\/1"}],"replies":[{"embeddable":true,"href":"https:\/\/cihanmanitou.com.tr\/index.php\/wp-json\/wp\/v2\/comments?post=95"}],"version-history":[{"count":31,"href":"https:\/\/cihanmanitou.com.tr\/index.php\/wp-json\/wp\/v2\/pages\/95\/revisions"}],"predecessor-version":[{"id":8619,"href":"https:\/\/cihanmanitou.com.tr\/index.php\/wp-json\/wp\/v2\/pages\/95\/revisions\/8619"}],"wp:attachment":[{"href":"https:\/\/cihanmanitou.com.tr\/index.php\/wp-json\/wp\/v2\/media?parent=95"}],"curies":[{"name":"wp","href":"https:\/\/api.w.org\/{rel}","templated":true}]}}